{"id":164,"date":"2021-06-07T16:35:00","date_gmt":"2021-06-07T14:35:00","guid":{"rendered":"http:\/\/armorhistel.org\/anneesfolles\/?page_id=164"},"modified":"2021-06-10T10:40:40","modified_gmt":"2021-06-10T08:40:40","slug":"annexe-suzy-wincker","status":"publish","type":"page","link":"https:\/\/armorhistel.org\/anneesfolles\/index.php\/annexe-suzy-wincker\/","title":{"rendered":"Annexe: Suzy Wincker"},"content":{"rendered":"\n<p class=\"has-large-font-size\"><em>Premi\u00e8re speakerine officielle de la T\u00e9l\u00e9vision Fran\u00e7aise<\/em><\/p>\n\n\n\n<div class=\"wp-block-columns\">\n<div class=\"wp-block-column\">\n<p>Cette partie est presque enti\u00e8rement illustr\u00e9e avec le contenu du dossier de presse que Suzy&nbsp;Wincker avait constitu\u00e9, sauf quelques illustrations issues de la <em>Revue G\u00e9n\u00e9rale d\u2019\u00c9lectricit\u00e9<\/em> ou de <em>La Nature<\/em>. J\u2019ai pris le parti de le pr\u00e9senter tel qu\u2019il m\u2019est parvenu, en conservant les annotations de la main de l\u2019int\u00e9ress\u00e9e.<\/p>\n\n\n\n<p>Elle est n\u00e9e \u00e0 Vanves le 7&nbsp;mars 1894. C\u2019est une artiste de cabaret, elle d\u00e9bute au Moulin de la chanson, et participe aussi \u00e0 des revues jusqu\u2019en 1934. Elle est aussi chanteuse d\u2019op\u00e9rette, joue dans des pi\u00e8ces de th\u00e9\u00e2tre. Elle tourne dans un film et pr\u00e9sente des \u00e9missions du poste radio colonial.<\/p>\n\n\n\n<p>On a vu plus haut que Ren\u00e9&nbsp;Barth\u00e9lemy, \u00e0 la fin de 1932 a commenc\u00e9 des \u00e9missions r\u00e9guli\u00e8res de t\u00e9l\u00e9vision depuis un studio situ\u00e9 rue de Grenelle. C\u2019est dans la revue anglaise <em>World Radio<\/em> du 12&nbsp;mars 1937 (figure 15), qu\u2019on apprend, de la bouche de Suzy, elle-m\u00eame, comment elle est entr\u00e9e dans le monde t\u00e9l\u00e9visuel naissant. Ce qui est aussi rapport\u00e9 par l\u2019hebdomadaire \u00ab&nbsp;VU&nbsp;\u00bb (figure 16)<\/p>\n\n\n\n<div class=\"wp-block-columns\">\n<div class=\"wp-block-column\">\n<div class=\"wp-block-image\"><figure class=\"aligncenter size-large\"><img loading=\"lazy\" width=\"381\" height=\"914\" src=\"http:\/\/armorhistel.org\/anneesfolles\/wp-content\/uploads\/2021\/06\/tele15-1.jpg\" alt=\"\" class=\"wp-image-177\" srcset=\"https:\/\/armorhistel.org\/anneesfolles\/wp-content\/uploads\/2021\/06\/tele15-1.jpg 381w, https:\/\/armorhistel.org\/anneesfolles\/wp-content\/uploads\/2021\/06\/tele15-1-125x300.jpg 125w\" sizes=\"(max-width: 381px) 100vw, 381px\" \/><figcaption>Fig. 15. \u2013 World Radio, \n12 mars 1937 Magazine Londonien. Dossier Suzy Wincker<\/figcaption><\/figure><\/div>\n<\/div>\n\n\n\n<div class=\"wp-block-column\">\n<div class=\"wp-block-image\"><figure class=\"aligncenter size-large\"><img loading=\"lazy\" width=\"935\" height=\"514\" src=\"http:\/\/armorhistel.org\/anneesfolles\/wp-content\/uploads\/2021\/06\/tele16-1.jpg\" alt=\"\" class=\"wp-image-178\" srcset=\"https:\/\/armorhistel.org\/anneesfolles\/wp-content\/uploads\/2021\/06\/tele16-1.jpg 935w, https:\/\/armorhistel.org\/anneesfolles\/wp-content\/uploads\/2021\/06\/tele16-1-300x165.jpg 300w, https:\/\/armorhistel.org\/anneesfolles\/wp-content\/uploads\/2021\/06\/tele16-1-768x422.jpg 768w\" sizes=\"(max-width: 935px) 100vw, 935px\" \/><figcaption>Fig. 16. \u2013 Vu 1 septembre1937. Dossier Suzy Wincker<\/figcaption><\/figure><\/div>\n<\/div>\n\n\n\n<div class=\"wp-block-column\">\n<div class=\"wp-block-image\"><figure class=\"aligncenter size-large\"><img loading=\"lazy\" width=\"1024\" height=\"766\" src=\"http:\/\/armorhistel.org\/anneesfolles\/wp-content\/uploads\/2021\/06\/tele17-1024x766.jpg\" alt=\"\" class=\"wp-image-179\" srcset=\"https:\/\/armorhistel.org\/anneesfolles\/wp-content\/uploads\/2021\/06\/tele17-1024x766.jpg 1024w, https:\/\/armorhistel.org\/anneesfolles\/wp-content\/uploads\/2021\/06\/tele17-300x224.jpg 300w, https:\/\/armorhistel.org\/anneesfolles\/wp-content\/uploads\/2021\/06\/tele17-768x575.jpg 768w, https:\/\/armorhistel.org\/anneesfolles\/wp-content\/uploads\/2021\/06\/tele17.jpg 1037w\" sizes=\"(max-width: 1024px) 100vw, 1024px\" \/><figcaption>Fig 17<\/figcaption><\/figure><\/div>\n<\/div>\n<\/div>\n<\/div>\n<\/div>\n\n\n\n<p>Passant d\u00e9but 1934 rue de Grenelle, o\u00f9 se trouvait comme on l\u2019a vu, le studio 30 lignes, elle y entre, trouve l\u2019exp\u00e9rience int\u00e9ressante et propose ses services gratuitement. Le budget de la t\u00e9l\u00e9vision \u00e9tant \u00ab&nbsp;<em>very restricted<\/em>&nbsp;\u00bb son offre fut imm\u00e9diatement accept\u00e9e.<\/p>\n\n\n\n<p>\u00c0 ce moment, les \u00e9missions se font en 30 lignes pendant 2 ans \u00e0 partir de 1932, \u00e0 raison d\u2019une heure chaque jeudi. En avril 1935, on passe \u00e0 la \u00ab moyenne d\u00e9finition \u00bb de 60 lignes, les \u00e9missions ont lieu tous les jours dans l\u2019apr\u00e8s-midi et quelquefois le soir (La Nature n\u00b02968 du 1er janvier 1936, p. 1). Mais \u00e0 partir du 10 novembre 1935, date d\u2019inauguration impos\u00e9e par Georges Mandel, ministre des PTT, les \u00e9missions se font en \u00ab haute d\u00e9finition \u00bb 180 lignes (figure 17). Ce changement de statut changea aussi, semble-t-il, celui de Suzy Wincker, qui, de speakerine b\u00e9n\u00e9vole, devint r\u00e9mun\u00e9r\u00e9e. On trouvera plus loin un document qui le confirme. Cette inauguration officielle est pr\u00e9c\u00e9d\u00e9e de r\u00e9p\u00e9tition. Lorsqu\u2019en 1961, on comm\u00e9morera le 25<sup>e<\/sup> anniversaire de la t\u00e9l\u00e9vision fran\u00e7aise, l\u2019hebdomadaire de TV <em>T\u00e9l\u00e9 7 jours<\/em> (14&nbsp;janvier 1961) en raconte les d\u00e9buts, en particulier en publiant des t\u00e9moignages des deux premi\u00e8res pr\u00e9sentatrices \u00ab&nbsp;l\u2019officieuse&nbsp;\u00bb Suzanne&nbsp;Bridoux et l\u2019officielle Suzy&nbsp;Wincker. (Figure 18)<\/p>\n\n\n\n<div class=\"wp-block-columns\">\n<div class=\"wp-block-column\">\n<div class=\"wp-block-image\"><figure class=\"aligncenter size-large\"><img loading=\"lazy\" width=\"367\" height=\"720\" src=\"http:\/\/armorhistel.org\/anneesfolles\/wp-content\/uploads\/2021\/06\/tele18.jpg\" alt=\"\" class=\"wp-image-180\" srcset=\"https:\/\/armorhistel.org\/anneesfolles\/wp-content\/uploads\/2021\/06\/tele18.jpg 367w, https:\/\/armorhistel.org\/anneesfolles\/wp-content\/uploads\/2021\/06\/tele18-153x300.jpg 153w\" sizes=\"(max-width: 367px) 100vw, 367px\" \/><figcaption>Fig 18<\/figcaption><\/figure><\/div>\n<\/div>\n\n\n\n<div class=\"wp-block-column\">\n<div class=\"wp-block-image\"><figure class=\"aligncenter size-large\"><img loading=\"lazy\" width=\"298\" height=\"1024\" src=\"http:\/\/armorhistel.org\/anneesfolles\/wp-content\/uploads\/2021\/06\/tele20-298x1024.jpg\" alt=\"\" class=\"wp-image-181\" srcset=\"https:\/\/armorhistel.org\/anneesfolles\/wp-content\/uploads\/2021\/06\/tele20-298x1024.jpg 298w, https:\/\/armorhistel.org\/anneesfolles\/wp-content\/uploads\/2021\/06\/tele20-87x300.jpg 87w, https:\/\/armorhistel.org\/anneesfolles\/wp-content\/uploads\/2021\/06\/tele20.jpg 310w\" sizes=\"(max-width: 298px) 100vw, 298px\" \/><figcaption>Fig. 20. \u2013  L\u2019Aurore 15 janvier 1961. \nDossier Suzy Wincker<\/figcaption><\/figure><\/div>\n<\/div>\n<\/div>\n\n\n\n<p>Dans <em>L\u2019Aurore<\/em> du 15&nbsp;janvier 1961, (figure 20) Suzy&nbsp;Wincker raconte avec plus de d\u00e9tails encore sa m\u00e9saventure. L\u2019article donne d\u2019autres informations notables.<\/p>\n\n\n\n<p>La prise de vue est directe, mais le moteur de la cam\u00e9ra 180 lignes est tellement bruyant qu\u2019il faut la placer derri\u00e8re une vitre, ce qui limite fortement les possibilit\u00e9s de la prise de vue.<\/p>\n\n\n\n<p>Le studio, situ\u00e9 dans les locaux de l\u2019\u00c9cole sup\u00e9rieure des Postes et T\u00e9l\u00e9graphes, rue de Grenelle (figure 21), est dot\u00e9 d\u2019un \u00e9clairage d\u2019une puissance totale de 45&nbsp;kW, qui n\u00e9cessite une importante installation de climatisation.<\/p>\n\n\n\n<p>On a vu que le premier \u00e9metteur, plac\u00e9 au pilier nord de la tour Eiffel (figure 22) avait une puissance de 2,5&nbsp;kW. Un nouvel \u00e9metteur, sur 8 m de longueur d\u2019onde d\u2019une puissance de 25 kW, est mis en service en mai 1936. Le signal est transmis \u00e0 l\u2019antenne par un feeder de 350 m\u00e8tres de long, seule 50&nbsp;% de la puissance de sortie de l\u2019\u00e9metteur arrive aux doublets rayonnants.<\/p>\n\n\n\n<p>Le son est \u00e9mis toujours de la tour Eiffel par un \u00e9metteur fonctionnant sur 207 m\u00e8tres<\/p>\n\n\n\n<div class=\"wp-block-columns\">\n<div class=\"wp-block-column\">\n<div class=\"wp-block-image\"><figure class=\"aligncenter size-large\"><img loading=\"lazy\" width=\"1023\" height=\"630\" src=\"http:\/\/armorhistel.org\/anneesfolles\/wp-content\/uploads\/2021\/06\/tele21.jpg\" alt=\"\" class=\"wp-image-182\" srcset=\"https:\/\/armorhistel.org\/anneesfolles\/wp-content\/uploads\/2021\/06\/tele21.jpg 1023w, https:\/\/armorhistel.org\/anneesfolles\/wp-content\/uploads\/2021\/06\/tele21-300x185.jpg 300w, https:\/\/armorhistel.org\/anneesfolles\/wp-content\/uploads\/2021\/06\/tele21-768x473.jpg 768w\" sizes=\"(max-width: 1023px) 100vw, 1023px\" \/><figcaption>Fig. 21. \u2013Studio situ\u00e9 dans les locaux de l\u2019\u00c9cole sup\u00e9rieure des Postes et T\u00e9l\u00e9graphes\n<\/figcaption><\/figure><\/div>\n<\/div>\n\n\n\n<div class=\"wp-block-column\">\n<div class=\"wp-block-image\"><figure class=\"aligncenter size-large\"><img loading=\"lazy\" width=\"945\" height=\"603\" src=\"http:\/\/armorhistel.org\/anneesfolles\/wp-content\/uploads\/2021\/06\/tele22.jpg\" alt=\"\" class=\"wp-image-213\" srcset=\"https:\/\/armorhistel.org\/anneesfolles\/wp-content\/uploads\/2021\/06\/tele22.jpg 945w, https:\/\/armorhistel.org\/anneesfolles\/wp-content\/uploads\/2021\/06\/tele22-300x191.jpg 300w, https:\/\/armorhistel.org\/anneesfolles\/wp-content\/uploads\/2021\/06\/tele22-768x490.jpg 768w\" sizes=\"(max-width: 945px) 100vw, 945px\" \/><figcaption>Fig. 22. \u2013 \u2013B\u00e2timent de la salle \ndes machines du poste install\u00e9 \nau pilier nord de la Tour Eiffel<\/figcaption><\/figure><\/div>\n<\/div>\n<\/div>\n\n\n\n<p>Ren\u00e9 Barth\u00e9lemy signale des essais de r\u00e9ception faits en avion pour tracer le diagramme de rayonnement horizontal de l\u2019a\u00e9rien, ceci en vue d\u2019\u00e9valuer la port\u00e9e pratique de r\u00e9ception. La conclusion sera que l\u2019\u00e9metteur est \u00e0 m\u00eame de couvrir la r\u00e9gion parisienne.<\/p>\n\n\n\n<div class=\"wp-block-columns\">\n<div class=\"wp-block-column\">\n<div class=\"wp-block-image\"><figure class=\"aligncenter size-large\"><img loading=\"lazy\" width=\"691\" height=\"282\" src=\"http:\/\/armorhistel.org\/anneesfolles\/wp-content\/uploads\/2021\/06\/tele23.jpg\" alt=\"\" class=\"wp-image-197\" srcset=\"https:\/\/armorhistel.org\/anneesfolles\/wp-content\/uploads\/2021\/06\/tele23.jpg 691w, https:\/\/armorhistel.org\/anneesfolles\/wp-content\/uploads\/2021\/06\/tele23-300x122.jpg 300w\" sizes=\"(max-width: 691px) 100vw, 691px\" \/><figcaption>Fig.23. \u2013 Marianne 20 janvier 1937. Dossier Suzy Wincker<\/figcaption><\/figure><\/div>\n<\/div>\n\n\n\n<div class=\"wp-block-column\">\n<div class=\"wp-block-image\"><figure class=\"aligncenter size-large\"><img loading=\"lazy\" width=\"202\" height=\"351\" src=\"http:\/\/armorhistel.org\/anneesfolles\/wp-content\/uploads\/2021\/06\/tele24.png\" alt=\"\" class=\"wp-image-183\" srcset=\"https:\/\/armorhistel.org\/anneesfolles\/wp-content\/uploads\/2021\/06\/tele24.png 202w, https:\/\/armorhistel.org\/anneesfolles\/wp-content\/uploads\/2021\/06\/tele24-173x300.png 173w\" sizes=\"(max-width: 202px) 100vw, 202px\" \/><figcaption>Fig. 24. \u2013 T\u00e9l\u00e9 7 jours, 14 janvier 1961 reprenant un article de l\u2019\u00e9poque sans citer la source . Dossier Suzy Wincker<\/figcaption><\/figure><\/div>\n<\/div>\n\n\n\n<div class=\"wp-block-column\">\n<div class=\"wp-block-image\"><figure class=\"aligncenter size-large\"><img loading=\"lazy\" width=\"927\" height=\"433\" src=\"http:\/\/armorhistel.org\/anneesfolles\/wp-content\/uploads\/2021\/06\/tele25.jpg\" alt=\"\" class=\"wp-image-184\" srcset=\"https:\/\/armorhistel.org\/anneesfolles\/wp-content\/uploads\/2021\/06\/tele25.jpg 927w, https:\/\/armorhistel.org\/anneesfolles\/wp-content\/uploads\/2021\/06\/tele25-300x140.jpg 300w, https:\/\/armorhistel.org\/anneesfolles\/wp-content\/uploads\/2021\/06\/tele25-768x359.jpg 768w\" sizes=\"(max-width: 927px) 100vw, 927px\" \/><figcaption>Fig. 25. \u2013 C\u2019est bien d\u2019\u00e9mettre, mais il faut recevoir. Toute la Radio, Ao\u00fbt 1936.  Dossier Suzy Wincker        <\/figcaption><\/figure><\/div>\n<\/div>\n<\/div>\n\n\n\n<p>\u00c0 cette \u00e9poque, les techniciens utilisaient d\u00e9j\u00e0 bien s\u00fbr le terme de t\u00e9l\u00e9vision, mais elle a failli porter le nom de RADIOVISION, comme on peut le voir sur la photo prise rue de Grenelle en juillet 1936 (figure 23). Le choix final fait l\u2019objet d\u2019une discussion en France et le nom de t\u00e9l\u00e9vision a \u00e9t\u00e9 retenu car adopt\u00e9 dans les pays voisins. (Figure 24).<\/p>\n\n\n\n<p>La CdC a cr\u00e9\u00e9 deux mod\u00e8les de poste r\u00e9cepteur&nbsp;: le petit qui ne comporte que le r\u00e9cepteur de t\u00e9l\u00e9vision (figure 26)., et n\u00e9cessite donc un autre r\u00e9cepteur pour le son.<\/p>\n\n\n\n<p>Le grand (figure 27), avec dans le m\u00eame meuble, le r\u00e9cepteur de t\u00e9l\u00e9vision et un r\u00e9cepteur de t\u00e9l\u00e9phonie sans fil pour l\u2019accompagnement sonore.<\/p>\n\n\n\n<div class=\"wp-block-columns\">\n<div class=\"wp-block-column\">\n<div class=\"wp-block-image\"><figure class=\"aligncenter size-large\"><img loading=\"lazy\" width=\"570\" height=\"496\" src=\"http:\/\/armorhistel.org\/anneesfolles\/wp-content\/uploads\/2021\/06\/tele26.jpg\" alt=\"\" class=\"wp-image-185\" srcset=\"https:\/\/armorhistel.org\/anneesfolles\/wp-content\/uploads\/2021\/06\/tele26.jpg 570w, https:\/\/armorhistel.org\/anneesfolles\/wp-content\/uploads\/2021\/06\/tele26-300x261.jpg 300w\" sizes=\"(max-width: 570px) 100vw, 570px\" \/><figcaption>Fig. 26. \u2013Appareil r\u00e9cepteur de t\u00e9l\u00e9vision de la Compagnie pour la Fabrication des Compteurs et Mat\u00e9riel d\u2019Usines \u00e0 Gaz, Petit mod\u00e8le<\/figcaption><\/figure><\/div>\n<\/div>\n\n\n\n<div class=\"wp-block-column\">\n<div class=\"wp-block-image\"><figure class=\"aligncenter size-large\"><img loading=\"lazy\" width=\"371\" height=\"670\" src=\"http:\/\/armorhistel.org\/anneesfolles\/wp-content\/uploads\/2021\/06\/tele27.jpg\" alt=\"\" class=\"wp-image-186\" srcset=\"https:\/\/armorhistel.org\/anneesfolles\/wp-content\/uploads\/2021\/06\/tele27.jpg 371w, https:\/\/armorhistel.org\/anneesfolles\/wp-content\/uploads\/2021\/06\/tele27-166x300.jpg 166w\" sizes=\"(max-width: 371px) 100vw, 371px\" \/><figcaption>Fig.27. \u2013 Appareil r\u00e9cepteur de t\u00e9l\u00e9vision de la Compagnie pour la Fabrication des Compteurs et Mat\u00e9riel d\u2019Usines \u00e0 Gaz, Grand mod\u00e8le.<\/figcaption><\/figure><\/div>\n<\/div>\n\n\n\n<div class=\"wp-block-column\">\n<div class=\"wp-block-image\"><figure class=\"aligncenter size-large\"><img loading=\"lazy\" width=\"385\" height=\"797\" src=\"http:\/\/armorhistel.org\/anneesfolles\/wp-content\/uploads\/2021\/06\/tele28.jpg\" alt=\"\" class=\"wp-image-187\" srcset=\"https:\/\/armorhistel.org\/anneesfolles\/wp-content\/uploads\/2021\/06\/tele28.jpg 385w, https:\/\/armorhistel.org\/anneesfolles\/wp-content\/uploads\/2021\/06\/tele28-145x300.jpg 145w\" sizes=\"(max-width: 385px) 100vw, 385px\" \/><figcaption>Fig.28. \u2013 Lectures pour tous, juillet 1937. Dossier Suzy Wincker<\/figcaption><\/figure><\/div>\n\n\n\n<p><\/p>\n<\/div>\n<\/div>\n\n\n\n<div class=\"wp-block-columns\">\n<div class=\"wp-block-column\">\n<p>Mais des ing\u00e9nieurs comme Chauvi\u00e8re construisent des kits pour les amateurs de t\u00e9l\u00e9vision et les mensuels d\u2019informations g\u00e9n\u00e9rales, comme <em>Lectures pour tous<\/em> (<em>figure 28), <\/em>illustraient leurs articles avec des photos prises sur les appareils en fonctionnement r\u00e9el.<\/p>\n\n\n\n<p>Ren\u00e9&nbsp;Barth\u00e9lemy prend alors la responsabilit\u00e9 de la soci\u00e9t\u00e9 Emyradio, cr\u00e9\u00e9e pour la fabrication et la diffusion de r\u00e9cepteurs destin\u00e9s au grand public.<\/p>\n\n\n\n<p>Les mat\u00e9riels vont rapidement \u00e9voluer et le petit mod\u00e8le \u00ab&nbsp;EMYVISOR&nbsp;\u00bb (figure 29) recevra bient\u00f4t et la \u00ab&nbsp;PHONIE et la VISION&nbsp;\u00bb. Les deux r\u00e9cepteurs (figure 30), datant de 1936, sont actuellement visible dans le conservatoire de l\u2019ACHDR.<\/p>\n<\/div>\n<\/div>\n\n\n\n<div class=\"wp-block-columns\">\n<div class=\"wp-block-column\">\n<div class=\"wp-block-image\"><figure class=\"aligncenter size-large\"><img loading=\"lazy\" width=\"551\" height=\"607\" src=\"http:\/\/armorhistel.org\/anneesfolles\/wp-content\/uploads\/2021\/06\/tele29.jpg\" alt=\"\" class=\"wp-image-188\" srcset=\"https:\/\/armorhistel.org\/anneesfolles\/wp-content\/uploads\/2021\/06\/tele29.jpg 551w, https:\/\/armorhistel.org\/anneesfolles\/wp-content\/uploads\/2021\/06\/tele29-272x300.jpg 272w\" sizes=\"(max-width: 551px) 100vw, 551px\" \/><figcaption>Fig. 29. \u2013 T\u00e9l\u00e9 7 jours 14 janvier 1961. Dossier Suzy Wincker<\/figcaption><\/figure><\/div>\n<\/div>\n\n\n\n<div class=\"wp-block-column\">\n<div class=\"wp-block-image\"><figure class=\"aligncenter size-large\"><img loading=\"lazy\" width=\"377\" height=\"635\" src=\"http:\/\/armorhistel.org\/anneesfolles\/wp-content\/uploads\/2021\/06\/tele30_1.jpg\" alt=\"\" class=\"wp-image-200\" srcset=\"https:\/\/armorhistel.org\/anneesfolles\/wp-content\/uploads\/2021\/06\/tele30_1.jpg 377w, https:\/\/armorhistel.org\/anneesfolles\/wp-content\/uploads\/2021\/06\/tele30_1-178x300.jpg 178w\" sizes=\"(max-width: 377px) 100vw, 377px\" \/><figcaption>Fig. 30. \u2013 deux mod\u00e8les de t\u00e9l\u00e9viseur 1936 Coll. ACHDR. Photos ACHDR\n<\/figcaption><\/figure><\/div>\n<\/div>\n\n\n\n<div class=\"wp-block-column\">\n<div class=\"wp-block-image\"><figure class=\"aligncenter size-large\"><img loading=\"lazy\" width=\"540\" height=\"524\" src=\"http:\/\/armorhistel.org\/anneesfolles\/wp-content\/uploads\/2021\/06\/tele30.jpg\" alt=\"\" class=\"wp-image-189\" srcset=\"https:\/\/armorhistel.org\/anneesfolles\/wp-content\/uploads\/2021\/06\/tele30.jpg 540w, https:\/\/armorhistel.org\/anneesfolles\/wp-content\/uploads\/2021\/06\/tele30-300x291.jpg 300w\" sizes=\"(max-width: 540px) 100vw, 540px\" \/><\/figure><\/div>\n<\/div>\n<\/div>\n\n\n\n<p><br>1937, c\u2019est aussi l\u2019ann\u00e9e de l\u2019Exposition universelle de Paris, et les PTT y auront un stand, dans lequel la t\u00e9l\u00e9vision fran\u00e7aise est pr\u00e9sent\u00e9e (figure 31). Un studio est install\u00e9 au Pavillon de la Radio, mais la CdC ne le fournira pas. Elle a \u00e9t\u00e9 \u00e9vinc\u00e9e au profit de L M T (\u00ab&nbsp;Le mat\u00e9riel T\u00e9l\u00e9graphique&nbsp;\u00bb) qui, fournit un \u00e9metteur 450 lignes tout \u00e9lectronique.<\/p>\n\n\n\n<div class=\"wp-block-image\"><figure class=\"aligncenter size-large\"><img loading=\"lazy\" width=\"1024\" height=\"643\" src=\"http:\/\/armorhistel.org\/anneesfolles\/wp-content\/uploads\/2021\/06\/tele31-1024x643.jpg\" alt=\"\" class=\"wp-image-190\" srcset=\"https:\/\/armorhistel.org\/anneesfolles\/wp-content\/uploads\/2021\/06\/tele31-1024x643.jpg 1024w, https:\/\/armorhistel.org\/anneesfolles\/wp-content\/uploads\/2021\/06\/tele31-300x188.jpg 300w, https:\/\/armorhistel.org\/anneesfolles\/wp-content\/uploads\/2021\/06\/tele31-768x482.jpg 768w, https:\/\/armorhistel.org\/anneesfolles\/wp-content\/uploads\/2021\/06\/tele31.jpg 1246w\" sizes=\"(max-width: 1024px) 100vw, 1024px\" \/><figcaption>Fig. 31. \u2013.Photo originale. Dossier Suzy Wincker<\/figcaption><\/figure><\/div>\n\n\n\n<p>Les \u00e9missions se poursuivent et se poursuivront en 180 lignes jusqu\u2019au 10&nbsp;avril 1938. Les \u00e9quipements sont alors d\u00e9mont\u00e9s et ensuite remont\u00e9s pour des d\u00e9monstrations en dehors de Paris, comme \u00e0 Limoges ou Lille. En effet, la t\u00e9l\u00e9vision m\u00e9canique a atteint ses limites, le tout \u00e9lectronique est l\u00e0, avec l\u2019\u00e9metteur de l\u2019Exposition, qui sera remplac\u00e9 le 25&nbsp;d\u00e9cembre 1938, par un nouvel \u00e9metteur 455 lignes. Mais, nous voici en 1939 et le cours de l\u2019histoire va brutalement changer. La tour Eiffel cesse ses \u00e9missions d\u00e8s septembre, les installations de Lille et de&nbsp; Lyon qui avaient \u00e9t\u00e9 pr\u00e9vues au budget 1939 sont suspendues.<\/p>\n\n\n\n<p>Quant \u00e0 Suzy, elle continue sa t\u00e2che m\u00eame si les temps sont durs&nbsp;! (Figure 32 et 33)<\/p>\n\n\n\n<div class=\"wp-block-columns\">\n<div class=\"wp-block-column\">\n<div class=\"wp-block-image\"><figure class=\"aligncenter size-large\"><img loading=\"lazy\" width=\"580\" height=\"657\" src=\"http:\/\/armorhistel.org\/anneesfolles\/wp-content\/uploads\/2021\/06\/tele32.jpg\" alt=\"\" class=\"wp-image-191\" srcset=\"https:\/\/armorhistel.org\/anneesfolles\/wp-content\/uploads\/2021\/06\/tele32.jpg 580w, https:\/\/armorhistel.org\/anneesfolles\/wp-content\/uploads\/2021\/06\/tele32-265x300.jpg 265w\" sizes=\"(max-width: 580px) 100vw, 580px\" \/><figcaption>Fig. 32 Photo originale. Dossier Suzy Wincker       <\/figcaption><\/figure><\/div>\n<\/div>\n\n\n\n<div class=\"wp-block-column\">\n<div class=\"wp-block-image\"><figure class=\"aligncenter size-large\"><img loading=\"lazy\" width=\"478\" height=\"671\" src=\"http:\/\/armorhistel.org\/anneesfolles\/wp-content\/uploads\/2021\/06\/tele33.jpg\" alt=\"\" class=\"wp-image-193\" srcset=\"https:\/\/armorhistel.org\/anneesfolles\/wp-content\/uploads\/2021\/06\/tele33.jpg 478w, https:\/\/armorhistel.org\/anneesfolles\/wp-content\/uploads\/2021\/06\/tele33-214x300.jpg 214w\" sizes=\"(max-width: 478px) 100vw, 478px\" \/><\/figure><\/div>\n<\/div>\n<\/div>\n\n\n\n<p>Elle est la premi\u00e8re speakerine officielle, suivie de nombreuses autres, dont les plus c\u00e9l\u00e8bres sont Jacqueline&nbsp;Joubert d\u00e8s 1949, Catherine&nbsp;Langeais, Jacqueline&nbsp;Huet, Jacqueline&nbsp;Caurat, Anne&nbsp;Marie&nbsp;Peysson, Denise&nbsp;Fabre et bien d\u2019autres.<\/p>\n\n\n\n<p>Le t\u00e9l\u00e9spectateur d\u2019aujourd\u2019hui, lisant ces quelques lignes ne pourra s\u2019emp\u00eacher de sourire, lui qui, a m\u00eame le choix (gr\u00e2ce au replay) dans la date, pour regarder telle ou telle s\u00e9quence. Mais il a fallu en passer par l\u00e0. Quant aux techniciens d\u2019aujourd\u2019hui, selon le mot de Bernard&nbsp;de Chartres, qu\u2019ils se souviennent que s\u2019ils voient loin, ce n\u2019est pas \u00e0 cause de la perspicacit\u00e9 de leur vue, c\u2019est qu\u2019ils sont assis sur des \u00e9paules de g\u00e9ants.<\/p>\n\n\n\n<div class=\"wp-block-columns\">\n<div class=\"wp-block-column\">\n<div class=\"wp-block-image\"><figure class=\"aligncenter size-large\"><img loading=\"lazy\" width=\"298\" height=\"440\" src=\"http:\/\/armorhistel.org\/anneesfolles\/wp-content\/uploads\/2021\/06\/tele34-1.jpg\" alt=\"\" class=\"wp-image-201\" srcset=\"https:\/\/armorhistel.org\/anneesfolles\/wp-content\/uploads\/2021\/06\/tele34-1.jpg 298w, https:\/\/armorhistel.org\/anneesfolles\/wp-content\/uploads\/2021\/06\/tele34-1-203x300.jpg 203w\" sizes=\"(max-width: 298px) 100vw, 298px\" \/><\/figure><\/div>\n<\/div>\n\n\n\n<div class=\"wp-block-column\">\n<figure class=\"wp-block-image size-large\"><img loading=\"lazy\" width=\"314\" height=\"443\" src=\"http:\/\/armorhistel.org\/anneesfolles\/wp-content\/uploads\/2021\/06\/tele35-1.jpg\" alt=\"\" class=\"wp-image-202\" srcset=\"https:\/\/armorhistel.org\/anneesfolles\/wp-content\/uploads\/2021\/06\/tele35-1.jpg 314w, https:\/\/armorhistel.org\/anneesfolles\/wp-content\/uploads\/2021\/06\/tele35-1-213x300.jpg 213w\" sizes=\"(max-width: 314px) 100vw, 314px\" \/><\/figure>\n<\/div>\n<\/div>\n","protected":false},"excerpt":{"rendered":"<p>Premi\u00e8re speakerine officielle de la T\u00e9l\u00e9vision Fran\u00e7aise Cette partie est presque enti\u00e8rement illustr\u00e9e avec le contenu du dossier de presse que Suzy&nbsp;Wincker avait constitu\u00e9, sauf quelques illustrations issues de la Revue G\u00e9n\u00e9rale d\u2019\u00c9lectricit\u00e9 ou de La Nature. J\u2019ai pris le parti de<\/p>\n<p class=\"link-more\"><a class=\"myButt three\" href=\"https:\/\/armorhistel.org\/anneesfolles\/index.php\/annexe-suzy-wincker\/\">Read More<\/a><\/p>\n","protected":false},"author":1,"featured_media":0,"parent":0,"menu_order":0,"comment_status":"closed","ping_status":"closed","template":"","meta":[],"_links":{"self":[{"href":"https:\/\/armorhistel.org\/anneesfolles\/index.php\/wp-json\/wp\/v2\/pages\/164"}],"collection":[{"href":"https:\/\/armorhistel.org\/anneesfolles\/index.php\/wp-json\/wp\/v2\/pages"}],"about":[{"href":"https:\/\/armorhistel.org\/anneesfolles\/index.php\/wp-json\/wp\/v2\/types\/page"}],"author":[{"embeddable":true,"href":"https:\/\/armorhistel.org\/anneesfolles\/index.php\/wp-json\/wp\/v2\/users\/1"}],"replies":[{"embeddable":true,"href":"https:\/\/armorhistel.org\/anneesfolles\/index.php\/wp-json\/wp\/v2\/comments?post=164"}],"version-history":[{"count":13,"href":"https:\/\/armorhistel.org\/anneesfolles\/index.php\/wp-json\/wp\/v2\/pages\/164\/revisions"}],"predecessor-version":[{"id":227,"href":"https:\/\/armorhistel.org\/anneesfolles\/index.php\/wp-json\/wp\/v2\/pages\/164\/revisions\/227"}],"wp:attachment":[{"href":"https:\/\/armorhistel.org\/anneesfolles\/index.php\/wp-json\/wp\/v2\/media?parent=164"}],"curies":[{"name":"wp","href":"https:\/\/api.w.org\/{rel}","templated":true}]}}