{"id":2,"date":"2021-06-01T12:53:27","date_gmt":"2021-06-01T10:53:27","guid":{"rendered":"http:\/\/armorhistel.org\/anneesfolles\/?page_id=2"},"modified":"2022-11-28T18:52:23","modified_gmt":"2022-11-28T17:52:23","slug":"page-d-exemple","status":"publish","type":"page","link":"https:\/\/armorhistel.org\/anneesfolles\/","title":{"rendered":"Bienvenue"},"content":{"rendered":"\n<p class=\"has-text-align-center has-medium-font-size\">Ce site rassemble une documentation produite pour l\u2019exposition temporaire \u00ab\u00a0De la parole \u00e0 l&#8217;image, communiquer entre les deux guerres\u00a0\u00bb, d\u00e9crivant l&#8217;\u00e9volution des moyens de communications entre les premi\u00e8re et deuxi\u00e8me guerres mondiales. <br>Il int\u00e8gre l&#8217;annuaire 1926 de 25 d\u00e9partements fran\u00e7ais.<\/p>\n\n\n\n<p class=\"has-text-align-center has-medium-font-size\">Cette exposition se tient de novembre 2022 \u00e0 septembre 2023 \u00e0 l&#8217;Espace Ferri\u00e9 (Mus\u00e9e des Transmissions) \u00e0 Cesson-S\u00e9vign\u00e9 (Ille-et-Vilaine).<\/p>\n\n\n\n<p><\/p>\n\n\n\n<p><\/p>\n\n\n\n<div class=\"wp-block-image\"><figure class=\"aligncenter size-large is-resized\"><a href=\"http:\/\/www.espaceferrie.fr\/\" target=\"_blank\" rel=\"noopener\"><img loading=\"lazy\" src=\"http:\/\/armorhistel.org\/anneesfolles\/wp-content\/uploads\/2021\/06\/musee-1024x193.jpg\" alt=\"\" class=\"wp-image-217\" width=\"512\" height=\"97\" srcset=\"https:\/\/armorhistel.org\/anneesfolles\/wp-content\/uploads\/2021\/06\/musee-1024x193.jpg 1024w, https:\/\/armorhistel.org\/anneesfolles\/wp-content\/uploads\/2021\/06\/musee-300x57.jpg 300w, https:\/\/armorhistel.org\/anneesfolles\/wp-content\/uploads\/2021\/06\/musee-768x145.jpg 768w, https:\/\/armorhistel.org\/anneesfolles\/wp-content\/uploads\/2021\/06\/musee.jpg 1030w\" sizes=\"(max-width: 512px) 100vw, 512px\" \/><\/a><\/figure><\/div>\n\n\n\n<div class=\"wp-block-image\"><figure class=\"aligncenter size-medium is-resized\"><a href=\"https:\/\/armorhistel.org\/armorhistel-2017\/\" target=\"_blank\" rel=\"noopener\"><img src=\"http:\/\/armorhistel.org\/anneesfolles\/wp-content\/uploads\/2021\/06\/logoarmorhistel3-300x90.png\" alt=\"\" class=\"wp-image-62\" width=\"450\" srcset=\"https:\/\/armorhistel.org\/anneesfolles\/wp-content\/uploads\/2021\/06\/logoarmorhistel3-300x90.png 300w, https:\/\/armorhistel.org\/anneesfolles\/wp-content\/uploads\/2021\/06\/logoarmorhistel3-1024x306.png 1024w, https:\/\/armorhistel.org\/anneesfolles\/wp-content\/uploads\/2021\/06\/logoarmorhistel3-768x230.png 768w, https:\/\/armorhistel.org\/anneesfolles\/wp-content\/uploads\/2021\/06\/logoarmorhistel3-1536x459.png 1536w, https:\/\/armorhistel.org\/anneesfolles\/wp-content\/uploads\/2021\/06\/logoarmorhistel3-2048x613.png 2048w\" sizes=\"(max-width: 300px) 100vw, 300px\" \/><\/a><\/figure><\/div>\n\n\n\n<p><\/p>\n","protected":false},"excerpt":{"rendered":"<p>Ce site rassemble une documentation produite pour l\u2019exposition temporaire \u00ab\u00a0De la parole \u00e0 l&#8217;image, communiquer entre les deux guerres\u00a0\u00bb, d\u00e9crivant l&#8217;\u00e9volution des moyens de communications entre les premi\u00e8re et deuxi\u00e8me guerres mondiales. Il int\u00e8gre l&#8217;annuaire 1926 de 25 d\u00e9partements fran\u00e7ais. Cette exposition<\/p>\n<p class=\"link-more\"><a class=\"myButt three\" href=\"https:\/\/armorhistel.org\/anneesfolles\/\">Read More<\/a><\/p>\n","protected":false},"author":1,"featured_media":0,"parent":0,"menu_order":0,"comment_status":"closed","ping_status":"open","template":"","meta":[],"_links":{"self":[{"href":"https:\/\/armorhistel.org\/anneesfolles\/index.php\/wp-json\/wp\/v2\/pages\/2"}],"collection":[{"href":"https:\/\/armorhistel.org\/anneesfolles\/index.php\/wp-json\/wp\/v2\/pages"}],"about":[{"href":"https:\/\/armorhistel.org\/anneesfolles\/index.php\/wp-json\/wp\/v2\/types\/page"}],"author":[{"embeddable":true,"href":"https:\/\/armorhistel.org\/anneesfolles\/index.php\/wp-json\/wp\/v2\/users\/1"}],"replies":[{"embeddable":true,"href":"https:\/\/armorhistel.org\/anneesfolles\/index.php\/wp-json\/wp\/v2\/comments?post=2"}],"version-history":[{"count":11,"href":"https:\/\/armorhistel.org\/anneesfolles\/index.php\/wp-json\/wp\/v2\/pages\/2\/revisions"}],"predecessor-version":[{"id":1799,"href":"https:\/\/armorhistel.org\/anneesfolles\/index.php\/wp-json\/wp\/v2\/pages\/2\/revisions\/1799"}],"wp:attachment":[{"href":"https:\/\/armorhistel.org\/anneesfolles\/index.php\/wp-json\/wp\/v2\/media?parent=2"}],"curies":[{"name":"wp","href":"https:\/\/api.w.org\/{rel}","templated":true}]}}