{"id":72,"date":"2021-06-03T16:21:17","date_gmt":"2021-06-03T14:21:17","guid":{"rendered":"http:\/\/armorhistel.org\/anneesfolles\/?page_id=72"},"modified":"2021-06-04T19:29:14","modified_gmt":"2021-06-04T17:29:14","slug":"le-telegraphe","status":"publish","type":"page","link":"https:\/\/armorhistel.org\/anneesfolles\/index.php\/le-telegraphe\/","title":{"rendered":"Le t\u00e9l\u00e9graphe"},"content":{"rendered":"\n<p>Le service t\u00e9l\u00e9graphique atteint son apog\u00e9e en 1920. En France 40 millions de t\u00e9l\u00e9grammes sont d\u00e9pos\u00e9s pour le territoire national et 6 millions pour l\u2019\u00e9tranger. La concurrence du t\u00e9l\u00e9phone et de l\u2019aviation postale va progressivement faire d\u00e9cro\u00eetre le service \u00e0 partir des ann\u00e9es 1930.\u00a0 Le r\u00e9seau t\u00e9l\u00e9graphique est alors structur\u00e9 de la fa\u00e7on suivante\u00a0: les liaisons \u00e0 grande capacit\u00e9 sont \u00e9quip\u00e9es en mat\u00e9riel <a href=\"https:\/\/fr.wikipedia.org\/wiki\/%C3%89mile_Baudot\" data-type=\"URL\" data-id=\"https:\/\/fr.wikipedia.org\/wiki\/%C3%89mile_Baudot\" target=\"_blank\" rel=\"noreferrer noopener\">Baudot<\/a>, quadruple ou sextuple voire octuple\u00a0! Les liaisons de moyenne capacit\u00e9 en mat\u00e9riel Hughes. La transmission est effectu\u00e9e en code Morse, la substitution du r\u00e9cepteur Morse par le \u00ab\u00a0parleur\u00a0\u00bb se met en place.<\/p>\n\n\n\n<p>Le plan d\u2019\u00e9quipement de 1924 pr\u00e9voit de substituer la transmission automatique par bandes perfor\u00e9es \u00e0 la transmission manuelle. Les liaisons sont toujours \u00e9tablies en point \u00e0 point, depuis l\u2019\u00e9metteur du message avec son manipulateur Morse, Baudot ou un \u00ab&nbsp;t\u00e9l\u00e9graphe Hughes&nbsp;\u00bb assurant les fonctions d\u2019\u00e9mission et de r\u00e9ception vers un op\u00e9rateur t\u00e9l\u00e9graphique situ\u00e9 au bureau t\u00e9l\u00e9graphique, lequel relaie le message afin de le transmettre \u00e0 destination.<\/p>\n\n\n\n<p>Au milieu des ann\u00e9es 1930, les progr\u00e8s du t\u00e9l\u00e9graphe sont tels qu&#8217;il semble possible de se passer d\u2019op\u00e9rateurs pour l\u2019\u00e9mission. Le mot t\u00e9l\u00e9scripteur apparait. Les t\u00e9l\u00e9scripteurs sont alors capables de reproduire automatiquement et \u00e0 distance un texte tap\u00e9 sur un clavier de machine \u00e0 \u00e9crire. Cependant, l&#8217;acheminement des messages demeure le dernier obstacle \u00e0 la r\u00e9alisation d&#8217;un syst\u00e8me enti\u00e8rement automatique. Les industriels de la t\u00e9l\u00e9graphie commencent alors \u00e0 d\u00e9velopper des syst\u00e8mes utilisant les cadrans rotatifs \u00e0 impulsions d\u00e9j\u00e0 utilis\u00e9s dans les r\u00e9seaux t\u00e9l\u00e9phoniques pour mettre en relation les t\u00e9l\u00e9scripteurs. Ces machines prennent le nom de <a href=\"https:\/\/fr.wikipedia.org\/wiki\/T%C3%A9lex\" data-type=\"URL\" data-id=\"https:\/\/fr.wikipedia.org\/wiki\/T%C3%A9lex\" target=\"_blank\" rel=\"noreferrer noopener\">T\u00e9lex<\/a>. Les centraux, bas\u00e9s sur le principe des centraux t\u00e9l\u00e9phoniques rotatifs, \u00e9tablissent la liaison demand\u00e9e, l\u2019\u00e9mission des messages est effectu\u00e9e en code Baudot. Le premier grand r\u00e9seau T\u00e9lex fut mis en place en Allemagne dans les ann\u00e9es 1930. Il \u00e9tait destin\u00e9 aux communications au sein du gouvernement. En France, le r\u00e9seau T\u00e9lex fut inaugur\u00e9 par le g\u00e9n\u00e9ral de Gaulle le 18 juin 1946.<\/p>\n\n\n\n<p>A noter \u00e9galement, en 1936 un r\u00e9seau sp\u00e9cial destin\u00e9 \u00e0 la diffusion des renseignements m\u00e9t\u00e9orologiques dans les a\u00e9roports est \u00e9tabli en France. Il utilise des t\u00e9l\u00e9imprimeurs et est achemin\u00e9 par des syst\u00e8mes de t\u00e9l\u00e9graphie harmonique. Cette technique (dont l&#8217;id\u00e9e remonte \u00e0 Mercadier vers 1880) se g\u00e9n\u00e9ralise sur les c\u00e2bles souterrains.<\/p>\n\n\n\n<p>Les liaisons intercontinentales sont assur\u00e9es par c\u00e2bles sous-marins ou par voies radio\u00e9lectriques.<\/p>\n\n\n\n<hr class=\"wp-block-separator\"\/>\n\n\n\n<div class=\"wp-block-columns\">\n<div class=\"wp-block-column\">\n<figure class=\"wp-block-image size-large\"><img loading=\"lazy\" width=\"346\" height=\"226\" src=\"http:\/\/armorhistel.org\/anneesfolles\/wp-content\/uploads\/2021\/06\/morse.jpg\" alt=\"\" class=\"wp-image-77\" srcset=\"https:\/\/armorhistel.org\/anneesfolles\/wp-content\/uploads\/2021\/06\/morse.jpg 346w, https:\/\/armorhistel.org\/anneesfolles\/wp-content\/uploads\/2021\/06\/morse-300x196.jpg 300w\" sizes=\"(max-width: 346px) 100vw, 346px\" \/><figcaption>Manipulateur Morse<\/figcaption><\/figure>\n<\/div>\n\n\n\n<div class=\"wp-block-column\">\n<figure class=\"wp-block-image size-large\"><img loading=\"lazy\" width=\"342\" height=\"227\" src=\"http:\/\/armorhistel.org\/anneesfolles\/wp-content\/uploads\/2021\/06\/hughes.jpg\" alt=\"\" class=\"wp-image-78\" srcset=\"https:\/\/armorhistel.org\/anneesfolles\/wp-content\/uploads\/2021\/06\/hughes.jpg 342w, https:\/\/armorhistel.org\/anneesfolles\/wp-content\/uploads\/2021\/06\/hughes-300x199.jpg 300w\" sizes=\"(max-width: 342px) 100vw, 342px\" \/><figcaption>T\u00e9l\u00e9graphe Hughes<\/figcaption><\/figure>\n<\/div>\n\n\n\n<div class=\"wp-block-column\">\n<figure class=\"wp-block-image size-large\"><img loading=\"lazy\" width=\"332\" height=\"225\" src=\"http:\/\/armorhistel.org\/anneesfolles\/wp-content\/uploads\/2021\/06\/baudot.jpg\" alt=\"\" class=\"wp-image-79\" srcset=\"https:\/\/armorhistel.org\/anneesfolles\/wp-content\/uploads\/2021\/06\/baudot.jpg 332w, https:\/\/armorhistel.org\/anneesfolles\/wp-content\/uploads\/2021\/06\/baudot-300x203.jpg 300w\" sizes=\"(max-width: 332px) 100vw, 332px\" \/><figcaption>Traducteur et manipulateur Baudot<\/figcaption><\/figure>\n<\/div>\n<\/div>\n","protected":false},"excerpt":{"rendered":"<p>Le service t\u00e9l\u00e9graphique atteint son apog\u00e9e en 1920. En France 40 millions de t\u00e9l\u00e9grammes sont d\u00e9pos\u00e9s pour le territoire national et 6 millions pour l\u2019\u00e9tranger. La concurrence du t\u00e9l\u00e9phone et de l\u2019aviation postale va progressivement faire d\u00e9cro\u00eetre le service \u00e0 partir des<\/p>\n<p class=\"link-more\"><a class=\"myButt three\" href=\"https:\/\/armorhistel.org\/anneesfolles\/index.php\/le-telegraphe\/\">Read More<\/a><\/p>\n","protected":false},"author":1,"featured_media":0,"parent":0,"menu_order":0,"comment_status":"closed","ping_status":"closed","template":"","meta":[],"_links":{"self":[{"href":"https:\/\/armorhistel.org\/anneesfolles\/index.php\/wp-json\/wp\/v2\/pages\/72"}],"collection":[{"href":"https:\/\/armorhistel.org\/anneesfolles\/index.php\/wp-json\/wp\/v2\/pages"}],"about":[{"href":"https:\/\/armorhistel.org\/anneesfolles\/index.php\/wp-json\/wp\/v2\/types\/page"}],"author":[{"embeddable":true,"href":"https:\/\/armorhistel.org\/anneesfolles\/index.php\/wp-json\/wp\/v2\/users\/1"}],"replies":[{"embeddable":true,"href":"https:\/\/armorhistel.org\/anneesfolles\/index.php\/wp-json\/wp\/v2\/comments?post=72"}],"version-history":[{"count":5,"href":"https:\/\/armorhistel.org\/anneesfolles\/index.php\/wp-json\/wp\/v2\/pages\/72\/revisions"}],"predecessor-version":[{"id":157,"href":"https:\/\/armorhistel.org\/anneesfolles\/index.php\/wp-json\/wp\/v2\/pages\/72\/revisions\/157"}],"wp:attachment":[{"href":"https:\/\/armorhistel.org\/anneesfolles\/index.php\/wp-json\/wp\/v2\/media?parent=72"}],"curies":[{"name":"wp","href":"https:\/\/api.w.org\/{rel}","templated":true}]}}