{"id":5,"date":"2024-09-10T22:54:43","date_gmt":"2024-09-10T20:54:43","guid":{"rendered":"http:\/\/armorhistel.org\/tv\/?page_id=5"},"modified":"2024-09-11T19:39:42","modified_gmt":"2024-09-11T17:39:42","slug":"bienvenue","status":"publish","type":"page","link":"https:\/\/armorhistel.org\/tv\/","title":{"rendered":"Bienvenue"},"content":{"rendered":"\n<p class=\"has-medium-font-size\" style=\"margin-top:0;margin-right:80%;margin-bottom:0;margin-left:80%;padding-top:0;padding-right:0;padding-bottom:0;padding-left:0\"><\/p>\n\n\n\n<p>Acc\u00e8s aux documents<\/p>\n\n\n\n<ul class=\"wp-block-list\">\n<li><a href=\"https:\/\/armorhistel.org\/tv\/index.php\/le-disque-nipkow\/\" data-type=\"page\" data-id=\"93\">Le disque Nipkow<\/a><\/li>\n\n\n\n<li><a href=\"https:\/\/armorhistel.org\/tv\/index.php\/la-television-francaise-1930\/\" data-type=\"page\" data-id=\"89\">La t\u00e9l\u00e9vision fran\u00e7aise &#8211; 1930<\/a><\/li>\n\n\n\n<li><a href=\"https:\/\/armorhistel.org\/tv\/index.php\/naissance\/\" data-type=\"page\" data-id=\"39\">Naissance de la t\u00e9l\u00e9vision<\/a><\/li>\n\n\n\n<li><a href=\"https:\/\/armorhistel.org\/tv\/index.php\/un-ballet-televise-1943\/\" data-type=\"page\" data-id=\"86\">Un ballet t\u00e9l\u00e9vis\u00e9 en 1943<\/a><\/li>\n\n\n\n<li><a href=\"https:\/\/armorhistel.org\/tv\/index.php\/la-television-couleur-1940-1970\/\" data-type=\"link\" data-id=\"https:\/\/armorhistel.org\/tv\/index.php\/la-television-couleur-1940-1970\/\">La t\u00e9l\u00e9vision couleur: 1940 &#8211; 1970<\/a><\/li>\n\n\n\n<li><a href=\"https:\/\/armorhistel.org\/tv\/index.php\/voici-la-couleur\/\" data-type=\"page\" data-id=\"70\">Voici la couleur<\/a><\/li>\n\n\n\n<li><a href=\"https:\/\/armorhistel.org\/tv\/index.php\/video-cbs\/\" data-type=\"page\" data-id=\"79\">La vid\u00e9o CBS<\/a><\/li>\n\n\n\n<li><a href=\"https:\/\/armorhistel.org\/tv\/index.php\/la-television-sur-internet\/\" data-type=\"page\" data-id=\"74\">La t\u00e9l\u00e9vision sur Internet<\/a><\/li>\n<\/ul>\n\n\n\n<p><\/p>\n\n\n\n<p>Acc\u00e8s vers la documentation \u00e9labor\u00e9e par l&rsquo;A3C7: <a href=\"https:\/\/racines.a3c7.fr\/a3c7V3\/index.php?option=com_content&amp;view=article&amp;id=587:exposition-histoire-de-la-television&amp;catid=8:racines&amp;Itemid=285\">lien<\/a><\/p>\n\n\n\n<p><\/p>\n","protected":false},"excerpt":{"rendered":"<p>Acc\u00e8s aux documents Acc\u00e8s vers la documentation \u00e9labor\u00e9e par l&rsquo;A3C7: lien<\/p>\n","protected":false},"author":1,"featured_media":0,"parent":0,"menu_order":0,"comment_status":"closed","ping_status":"closed","template":"","meta":{"footnotes":""},"class_list":["post-5","page","type-page","status-publish","hentry"],"_links":{"self":[{"href":"https:\/\/armorhistel.org\/tv\/index.php\/wp-json\/wp\/v2\/pages\/5","targetHints":{"allow":["GET"]}}],"collection":[{"href":"https:\/\/armorhistel.org\/tv\/index.php\/wp-json\/wp\/v2\/pages"}],"about":[{"href":"https:\/\/armorhistel.org\/tv\/index.php\/wp-json\/wp\/v2\/types\/page"}],"author":[{"embeddable":true,"href":"https:\/\/armorhistel.org\/tv\/index.php\/wp-json\/wp\/v2\/users\/1"}],"replies":[{"embeddable":true,"href":"https:\/\/armorhistel.org\/tv\/index.php\/wp-json\/wp\/v2\/comments?post=5"}],"version-history":[{"count":15,"href":"https:\/\/armorhistel.org\/tv\/index.php\/wp-json\/wp\/v2\/pages\/5\/revisions"}],"predecessor-version":[{"id":105,"href":"https:\/\/armorhistel.org\/tv\/index.php\/wp-json\/wp\/v2\/pages\/5\/revisions\/105"}],"wp:attachment":[{"href":"https:\/\/armorhistel.org\/tv\/index.php\/wp-json\/wp\/v2\/media?parent=5"}],"curies":[{"name":"wp","href":"https:\/\/api.w.org\/{rel}","templated":true}]}}