{"id":86,"date":"2024-09-11T18:35:34","date_gmt":"2024-09-11T16:35:34","guid":{"rendered":"https:\/\/armorhistel.org\/tv\/?page_id=86"},"modified":"2024-09-11T18:35:34","modified_gmt":"2024-09-11T16:35:34","slug":"un-ballet-televise-1943","status":"publish","type":"page","link":"https:\/\/armorhistel.org\/tv\/index.php\/un-ballet-televise-1943\/","title":{"rendered":"Un ballet t\u00e9l\u00e9vis\u00e9 &#8211; 1943"},"content":{"rendered":"\n<figure class=\"wp-block-video\"><video height=\"576\" style=\"aspect-ratio: 768 \/ 576;\" width=\"768\" controls src=\"http:\/\/armorhistel.org\/tv\/wp-content\/uploads\/2024\/09\/Repetition-dun-ballet-televise-par-Serge-Lifar-1943.mp4\"><\/video><\/figure>\n","protected":false},"excerpt":{"rendered":"","protected":false},"author":1,"featured_media":0,"parent":0,"menu_order":0,"comment_status":"closed","ping_status":"closed","template":"","meta":{"footnotes":""},"class_list":["post-86","page","type-page","status-publish","hentry"],"_links":{"self":[{"href":"https:\/\/armorhistel.org\/tv\/index.php\/wp-json\/wp\/v2\/pages\/86","targetHints":{"allow":["GET"]}}],"collection":[{"href":"https:\/\/armorhistel.org\/tv\/index.php\/wp-json\/wp\/v2\/pages"}],"about":[{"href":"https:\/\/armorhistel.org\/tv\/index.php\/wp-json\/wp\/v2\/types\/page"}],"author":[{"embeddable":true,"href":"https:\/\/armorhistel.org\/tv\/index.php\/wp-json\/wp\/v2\/users\/1"}],"replies":[{"embeddable":true,"href":"https:\/\/armorhistel.org\/tv\/index.php\/wp-json\/wp\/v2\/comments?post=86"}],"version-history":[{"count":1,"href":"https:\/\/armorhistel.org\/tv\/index.php\/wp-json\/wp\/v2\/pages\/86\/revisions"}],"predecessor-version":[{"id":87,"href":"https:\/\/armorhistel.org\/tv\/index.php\/wp-json\/wp\/v2\/pages\/86\/revisions\/87"}],"wp:attachment":[{"href":"https:\/\/armorhistel.org\/tv\/index.php\/wp-json\/wp\/v2\/media?parent=86"}],"curies":[{"name":"wp","href":"https:\/\/api.w.org\/{rel}","templated":true}]}}