{"id":89,"date":"2024-09-11T18:39:41","date_gmt":"2024-09-11T16:39:41","guid":{"rendered":"https:\/\/armorhistel.org\/tv\/?page_id=89"},"modified":"2024-09-11T19:09:18","modified_gmt":"2024-09-11T17:09:18","slug":"la-television-francaise-1930","status":"publish","type":"page","link":"https:\/\/armorhistel.org\/tv\/index.php\/la-television-francaise-1930\/","title":{"rendered":"La t\u00e9l\u00e9vision fran\u00e7aise &#8211; 1930"},"content":{"rendered":"\n<figure class=\"wp-block-video\"><video controls src=\"https:\/\/www.armorhistel.org\/tv\/docs\/tv_1930.mp4\"><\/video><\/figure>\n","protected":false},"excerpt":{"rendered":"","protected":false},"author":1,"featured_media":0,"parent":0,"menu_order":0,"comment_status":"closed","ping_status":"closed","template":"","meta":{"footnotes":""},"class_list":["post-89","page","type-page","status-publish","hentry"],"_links":{"self":[{"href":"https:\/\/armorhistel.org\/tv\/index.php\/wp-json\/wp\/v2\/pages\/89","targetHints":{"allow":["GET"]}}],"collection":[{"href":"https:\/\/armorhistel.org\/tv\/index.php\/wp-json\/wp\/v2\/pages"}],"about":[{"href":"https:\/\/armorhistel.org\/tv\/index.php\/wp-json\/wp\/v2\/types\/page"}],"author":[{"embeddable":true,"href":"https:\/\/armorhistel.org\/tv\/index.php\/wp-json\/wp\/v2\/users\/1"}],"replies":[{"embeddable":true,"href":"https:\/\/armorhistel.org\/tv\/index.php\/wp-json\/wp\/v2\/comments?post=89"}],"version-history":[{"count":4,"href":"https:\/\/armorhistel.org\/tv\/index.php\/wp-json\/wp\/v2\/pages\/89\/revisions"}],"predecessor-version":[{"id":99,"href":"https:\/\/armorhistel.org\/tv\/index.php\/wp-json\/wp\/v2\/pages\/89\/revisions\/99"}],"wp:attachment":[{"href":"https:\/\/armorhistel.org\/tv\/index.php\/wp-json\/wp\/v2\/media?parent=89"}],"curies":[{"name":"wp","href":"https:\/\/api.w.org\/{rel}","templated":true}]}}